{"id":2458,"date":"2025-09-18T03:18:09","date_gmt":"2025-09-18T03:18:09","guid":{"rendered":"https:\/\/monarquehotel.vn\/?page_id=2458"},"modified":"2026-01-02T12:11:22","modified_gmt":"2026-01-02T05:11:22","slug":"lien-he","status":"publish","type":"page","link":"https:\/\/monarquehotel.vn\/en\/lien-he\/","title":{"rendered":"Contact"},"content":{"rendered":"<div data-elementor-type=\"wp-page\" data-elementor-id=\"2458\" class=\"elementor elementor-2458\" data-elementor-post-type=\"page\">\n\t\t\t\t<div class=\"has_ae_slider elementor-element elementor-element-b74063a e-flex e-con-boxed ae-bg-gallery-type-default e-con e-parent\" data-id=\"b74063a\" data-element_type=\"container\" data-settings=\"{&quot;background_background&quot;:&quot;classic&quot;}\">\n\t\t\t\t\t<div class=\"e-con-inner\">\n\t\t\t\t<div class=\"elementor-element elementor-element-3308610 dm-heading elementor-widget elementor-widget-heading\" data-id=\"3308610\" data-element_type=\"widget\" data-widget_type=\"heading.default\">\n\t\t\t\t\t<h1 class=\"elementor-heading-title elementor-size-default\">Contact<\/h1>\t\t\t\t<\/div>\n\t\t\t\t\t<\/div>\n\t\t\t\t<\/div>\n\t\t<div class=\"has_ae_slider elementor-element elementor-element-50e5e3e e-con-full e-flex ae-bg-gallery-type-default e-con e-parent\" data-id=\"50e5e3e\" data-element_type=\"container\" data-settings=\"{&quot;background_background&quot;:&quot;classic&quot;}\">\n\t\t\t\t<div class=\"elementor-element elementor-element-7754ead dm-single-heading-1 elementor-widget elementor-widget-heading\" data-id=\"7754ead\" data-element_type=\"widget\" data-widget_type=\"heading.default\">\n\t\t\t\t\t<h2 class=\"elementor-heading-title elementor-size-default\">Let us help you<\/h2>\t\t\t\t<\/div>\n\t\t<div class=\"has_ae_slider elementor-element elementor-element-c20c0c8 e-con-full e-flex ae-bg-gallery-type-default e-con e-child\" data-id=\"c20c0c8\" data-element_type=\"container\">\n\t\t<div class=\"has_ae_slider elementor-element elementor-element-c71623d e-con-full e-flex ae-bg-gallery-type-default e-con e-child\" data-id=\"c71623d\" data-element_type=\"container\">\n\t\t\t\t<div class=\"elementor-element elementor-element-cf0e96c elementor-button-align-stretch elementor-widget elementor-widget-form\" data-id=\"cf0e96c\" data-element_type=\"widget\" data-settings=\"{&quot;step_next_label&quot;:&quot;Next&quot;,&quot;step_previous_label&quot;:&quot;Previous&quot;,&quot;button_width&quot;:&quot;100&quot;,&quot;step_type&quot;:&quot;number_text&quot;,&quot;step_icon_shape&quot;:&quot;circle&quot;}\" data-widget_type=\"form.default\">\n\t\t\t\t\t\t\t<form class=\"elementor-form\" method=\"post\" name=\"New Form\" action=\"\">\n\t\t\t<input type=\"hidden\" name=\"post_id\" value=\"2458\"\/>\n\t\t\t<input type=\"hidden\" name=\"form_id\" value=\"cf0e96c\"\/>\n\t\t\t<input type=\"hidden\" name=\"referer_title\" value=\"Li\u00ean h\u1ec7 - Monarque Hotel\" \/>\n\n\t\t\t\t\t\t\t<input type=\"hidden\" name=\"queried_id\" value=\"2458\"\/>\n\t\t\t\n\t\t\t<div class=\"elementor-form-fields-wrapper elementor-labels-\">\n\t\t\t\t\t\t\t\t<div class=\"elementor-field-type-text elementor-field-group elementor-column elementor-field-group-name elementor-col-50 elementor-field-required\">\n\t\t\t\t\t\t\t\t\t\t\t\t\t<input size=\"1\" type=\"text\" name=\"form_fields[name]\" id=\"form-field-name\" class=\"elementor-field elementor-size-sm  elementor-field-textual\" placeholder=\"Name*\" required=\"required\">\n\t\t\t\t\t\t\t\t\t\t\t<\/div>\n\t\t\t\t\t\t\t\t<div class=\"elementor-field-type-text elementor-field-group elementor-column elementor-field-group-address elementor-col-50 elementor-field-required\">\n\t\t\t\t\t\t\t\t\t\t\t\t\t<input size=\"1\" type=\"text\" name=\"form_fields[address]\" id=\"form-field-address\" class=\"elementor-field elementor-size-sm  elementor-field-textual\" placeholder=\"Address*\" required=\"required\">\n\t\t\t\t\t\t\t\t\t\t\t<\/div>\n\t\t\t\t\t\t\t\t<div class=\"elementor-field-type-email elementor-field-group elementor-column elementor-field-group-email elementor-col-50 elementor-field-required\">\n\t\t\t\t\t\t\t\t\t\t\t\t<label for=\"form-field-email\" class=\"elementor-field-label elementor-screen-only\">\n\t\t\t\t\t\t\t\tEmail*\t\t\t\t\t\t\t<\/label>\n\t\t\t\t\t\t\t\t\t\t\t\t\t\t<input size=\"1\" type=\"email\" name=\"form_fields[email]\" id=\"form-field-email\" class=\"elementor-field elementor-size-sm  elementor-field-textual\" placeholder=\"Email*\" required=\"required\">\n\t\t\t\t\t\t\t\t\t\t\t<\/div>\n\t\t\t\t\t\t\t\t<div class=\"elementor-field-type-text elementor-field-group elementor-column elementor-field-group-phone elementor-col-50 elementor-field-required\">\n\t\t\t\t\t\t\t\t\t\t\t\t\t<input size=\"1\" type=\"text\" name=\"form_fields[phone]\" id=\"form-field-phone\" class=\"elementor-field elementor-size-sm  elementor-field-textual\" placeholder=\"Mobile Phone*\" required=\"required\">\n\t\t\t\t\t\t\t\t\t\t\t<\/div>\n\t\t\t\t\t\t\t\t<div class=\"elementor-field-type-textarea elementor-field-group elementor-column elementor-field-group-message elementor-col-100\">\n\t\t\t\t\t<textarea class=\"elementor-field-textual elementor-field  elementor-size-sm\" name=\"form_fields[message]\" id=\"form-field-message\" rows=\"3\" placeholder=\"Message*\"><\/textarea>\t\t\t\t<\/div>\n\t\t\t\t\t\t\t\t<div class=\"elementor-field-type-html elementor-field-group elementor-column elementor-field-group-field_e9c7e74 elementor-col-100\">\n\t\t\t\t\t*Please note: We truly appreciate your request and will respond within 24 hours.\n<br>\nFor urgent inquiries, please call +84 2363 588 888 for immediate assistance.\t\t\t\t<\/div>\n\t\t\t\t\t\t\t\t<div class=\"elementor-field-type-recaptcha_v3 elementor-field-group elementor-column elementor-field-group-field_59c2f78 elementor-col-100 recaptcha_v3-inline\">\n\t\t\t\t\t<div class=\"elementor-field\" id=\"form-field-field_59c2f78\"><div class=\"elementor-g-recaptcha\" data-sitekey=\"6LcMMwwsAAAAAPW4yb7-JgKSoyN2jR29YcIL--2e\" data-type=\"v3\" data-action=\"Form\" data-badge=\"inline\" data-size=\"invisible\"><\/div><\/div>\t\t\t\t<\/div>\n\t\t\t\t\t\t\t\t<div class=\"elementor-field-group elementor-column elementor-field-type-submit elementor-col-100 e-form__buttons\">\n\t\t\t\t\t<button class=\"elementor-button elementor-size-sm\" type=\"submit\">\n\t\t\t\t\t\t<span class=\"elementor-button-content-wrapper\">\n\t\t\t\t\t\t\t\t\t\t\t\t\t\t\t\t\t\t\t\t\t\t<span class=\"elementor-button-text\">SEND ENQUIRY<\/span>\n\t\t\t\t\t\t\t\t\t\t\t\t\t<\/span>\n\t\t\t\t\t<\/button>\n\t\t\t\t<\/div>\n\t\t\t<\/div>\n\t\t<input type=\"hidden\" name=\"trp-form-language\" value=\"en\"\/><\/form>\n\t\t\t\t\t\t<\/div>\n\t\t\t\t<\/div>\n\t\t<div class=\"has_ae_slider elementor-element elementor-element-a548f0f e-con-full e-flex ae-bg-gallery-type-default e-con e-child\" data-id=\"a548f0f\" data-element_type=\"container\">\n\t\t\t\t<div class=\"elementor-element elementor-element-90077d4 dm-single-heading-2 elementor-widget elementor-widget-heading\" data-id=\"90077d4\" data-element_type=\"widget\" data-widget_type=\"heading.default\">\n\t\t\t\t\t<h3 class=\"elementor-heading-title elementor-size-default\">Monarque hotel da nang<\/h3>\t\t\t\t<\/div>\n\t\t\t\t<div class=\"elementor-element elementor-element-fb9253f elementor-widget elementor-widget-text-editor\" data-id=\"fb9253f\" data-element_type=\"widget\" data-widget_type=\"text-editor.default\">\n\t\t\t\t\t\t\t\t\t<p>238 Vo Nguyen Giap Street, An Hai Ward, Danang City, Viet Nam<\/p>\t\t\t\t\t\t\t\t<\/div>\n\t\t\t\t<div class=\"elementor-element elementor-element-2ac7c2d elementor-widget elementor-widget-text-editor\" data-id=\"2ac7c2d\" data-element_type=\"widget\" data-widget_type=\"text-editor.default\">\n\t\t\t\t\t\t\t\t\t<p>Email: info@monarquehotel.vn<\/p>\t\t\t\t\t\t\t\t<\/div>\n\t\t\t\t<div class=\"elementor-element elementor-element-2e6168e elementor-widget elementor-widget-text-editor\" data-id=\"2e6168e\" data-element_type=\"widget\" data-widget_type=\"text-editor.default\">\n\t\t\t\t\t\t\t\t\t<p>Phone: (+84) 236 358 8888<\/p>\t\t\t\t\t\t\t\t<\/div>\n\t\t\t\t<\/div>\n\t\t\t\t<\/div>\n\t\t\t\t<\/div>\n\t\t<div class=\"has_ae_slider elementor-element elementor-element-80ddada e-con-full background-pattern e-flex ae-bg-gallery-type-default e-con e-parent\" data-id=\"80ddada\" data-element_type=\"container\" data-settings=\"{&quot;background_background&quot;:&quot;classic&quot;}\">\n\t\t\t\t<div class=\"elementor-element elementor-element-669bed7 elementor-widget__width-initial .blend-multiply elementor-widget elementor-widget-image\" data-id=\"669bed7\" data-element_type=\"widget\" data-widget_type=\"image.default\">\n\t\t\t\t\t\t\t\t\t\t\t\t\t\t\t<img fetchpriority=\"high\" decoding=\"async\" width=\"1920\" height=\"1080\" src=\"https:\/\/monarquehotel.vn\/wp-content\/uploads\/2025\/12\/map.jpg\" class=\"attachment-full size-full wp-image-3795\" alt=\"\" srcset=\"https:\/\/monarquehotel.vn\/wp-content\/uploads\/2025\/12\/map.jpg 1920w, https:\/\/monarquehotel.vn\/wp-content\/uploads\/2025\/12\/map-300x169.jpg 300w, https:\/\/monarquehotel.vn\/wp-content\/uploads\/2025\/12\/map-1024x576.jpg 1024w, https:\/\/monarquehotel.vn\/wp-content\/uploads\/2025\/12\/map-768x432.jpg 768w, https:\/\/monarquehotel.vn\/wp-content\/uploads\/2025\/12\/map-1536x864.jpg 1536w, https:\/\/monarquehotel.vn\/wp-content\/uploads\/2025\/12\/map-18x10.jpg 18w\" sizes=\"(max-width: 1920px) 100vw, 1920px\" \/>\t\t\t\t\t\t\t\t\t\t\t\t\t\t\t<\/div>\n\t\t\t\t<div class=\"elementor-element elementor-element-0b5d83d elementor-widget__width-initial dm-single-heading-1 elementor-widget elementor-widget-heading\" data-id=\"0b5d83d\" data-element_type=\"widget\" data-widget_type=\"heading.default\">\n\t\t\t\t\t<h2 class=\"elementor-heading-title elementor-size-default\">Hotel location &amp; direction<\/h2>\t\t\t\t<\/div>\n\t\t\t\t<\/div>\n\t\t\t\t<\/div>","protected":false},"excerpt":{"rendered":"<p>Li\u00ean h\u1ec7 H\u00e3y \u0111\u1ec3 ch\u00fang t\u00f4i h\u1ed7 tr\u1ee3 b\u1ea1n Monarque hotel da nang 238 V\u00f5 Nguy\u00ean Gi\u00e1p, Ph\u01b0\u1eddng An H\u1ea3i, Th\u00e0nh ph\u1ed1 \u0110\u00e0 N\u1eb5ng, Vi\u1ec7t Nam Email: info@monarquehotel.vn \u0110i\u1ec7n tho\u1ea1i: (+84) 236 358 8888 V\u1eca tr\u00ed c\u1ee7a kh\u00e1ch s\u1ea1n<\/p>","protected":false},"author":2,"featured_media":0,"parent":0,"menu_order":0,"comment_status":"closed","ping_status":"closed","template":"","meta":{"_acf_changed":false,"_monsterinsights_skip_tracking":false,"_monsterinsights_sitenote_active":false,"_monsterinsights_sitenote_note":"","_monsterinsights_sitenote_category":0,"_uf_show_specific_survey":0,"_uf_disable_surveys":false,"footnotes":""},"class_list":["post-2458","page","type-page","status-publish","hentry"],"acf":[],"_links":{"self":[{"href":"https:\/\/monarquehotel.vn\/en\/wp-json\/wp\/v2\/pages\/2458","targetHints":{"allow":["GET"]}}],"collection":[{"href":"https:\/\/monarquehotel.vn\/en\/wp-json\/wp\/v2\/pages"}],"about":[{"href":"https:\/\/monarquehotel.vn\/en\/wp-json\/wp\/v2\/types\/page"}],"author":[{"embeddable":true,"href":"https:\/\/monarquehotel.vn\/en\/wp-json\/wp\/v2\/users\/2"}],"replies":[{"embeddable":true,"href":"https:\/\/monarquehotel.vn\/en\/wp-json\/wp\/v2\/comments?post=2458"}],"version-history":[{"count":106,"href":"https:\/\/monarquehotel.vn\/en\/wp-json\/wp\/v2\/pages\/2458\/revisions"}],"predecessor-version":[{"id":4208,"href":"https:\/\/monarquehotel.vn\/en\/wp-json\/wp\/v2\/pages\/2458\/revisions\/4208"}],"wp:attachment":[{"href":"https:\/\/monarquehotel.vn\/en\/wp-json\/wp\/v2\/media?parent=2458"}],"curies":[{"name":"wp","href":"https:\/\/api.w.org\/{rel}","templated":true}]}}