{"id":3476,"date":"2025-11-13T06:36:40","date_gmt":"2025-11-13T06:36:40","guid":{"rendered":"https:\/\/monarquehotel.vn\/?page_id=3476"},"modified":"2025-11-13T06:39:22","modified_gmt":"2025-11-13T06:39:22","slug":"chinh-sach-tre-em-va-phu-thu","status":"publish","type":"page","link":"https:\/\/monarquehotel.vn\/en\/chinh-sach-tre-em-va-phu-thu\/","title":{"rendered":"Child policy and surcharges"},"content":{"rendered":"<h2 class=\"wp-block-heading\"><strong>1. Children Policy<\/strong><strong>:\u00a0<\/strong><\/h2>\n\n\n\n<p>Maximum of 02 children sharing the same bed with parents.<\/p>\n\n\n\n<p class=\"translation-block\">Children aged 0\u20135 years: Free of charge when sharing bed with parents, including breakfast.<\/p>\n\n\n\n<p class=\"translation-block\">Children aged 6\u201311 years: Surcharge of VND 200,000 per child per night when sharing bed with parents, including breakfast.<\/p>\n\n\n\n<p class=\"translation-block\">Children aged 12 years and above: Considered as adults.<\/p>\n\n\n\n<p class=\"translation-block\">Extra bed: Surcharge of VND 500,000 per night. Extra beds can be arranged in certain room types and are subject to availability. Please contact the Hotel for more details.<\/p>\n\n\n\n<p><\/p>\n\n\n\n<h2 class=\"wp-block-heading\">2. <strong>Surcharge policy:<\/strong><\/h2>\n\n\n\n<p><strong>&nbsp;Surcharge on Public Holidays and Festivals:<\/strong><strong><br><\/strong> The following dates are subject to a holiday surcharge:<\/p>\n\n\n\n<ul class=\"wp-block-list\">\n<li>New Year\u2019s Day (January 1st)<br><\/li>\n\n\n\n<li>Lunar New Year (Tet Holiday): 5 nights from the 30th day of the last lunar month to the 4th day of the Lunar New Year<br><\/li>\n\n\n\n<li>Reunification Day (April 30th)<br><\/li>\n\n\n\n<li>International Labor Day (May 1st)<br><\/li>\n\n\n\n<li>Da Nang International Fireworks Festival (if applicable)<br><\/li>\n\n\n\n<li>National Day (September 2nd)<br><\/li>\n\n\n\n<li>Christmas Eve (December 24th)<br><\/li>\n\n\n\n<li>New Year\u2019s Eve (December 31st)<br><\/li>\n<\/ul>\n\n\n\n<p><\/p>","protected":false},"excerpt":{"rendered":"<p>1. Ch\u00ednh s\u00e1ch tr\u1ebb em:\u00a0 T\u1ed1i \u0111a 02 tr\u1ebb em ng\u1ee7 c\u00f9ng gi\u01b0\u1eddng v\u1edbi b\u1ed1 m\u1eb9 Tr\u1ebb em t\u1eeb 0-5 tu\u1ed5i: Mi\u1ec5n ph\u00ed d\u00f9ng chung gi\u01b0\u1eddng v\u1edbi b\u1ed1 m\u1eb9 v\u00e0 mi\u1ec5n ph\u00ed \u0103n s\u00e1ng Tr\u1ebb em t\u1eeb 6-11 tu\u1ed5i: Ph\u1ee5 thu 200.000 \u0111\u1ed3ng\/tr\u1ebb em\/\u0111\u00eam, d\u00f9ng chung gi\u01b0\u1eddng v\u1edbi b\u1ed1 m\u1eb9 v\u00e0 bao g\u1ed3m \u0103n s\u00e1ng [&hellip;]<\/p>","protected":false},"author":1,"featured_media":0,"parent":0,"menu_order":0,"comment_status":"closed","ping_status":"closed","template":"","meta":{"_acf_changed":false,"_monsterinsights_skip_tracking":false,"_monsterinsights_sitenote_active":false,"_monsterinsights_sitenote_note":"","_monsterinsights_sitenote_category":0,"_uf_show_specific_survey":0,"_uf_disable_surveys":false,"footnotes":""},"class_list":["post-3476","page","type-page","status-publish","hentry"],"acf":[],"_links":{"self":[{"href":"https:\/\/monarquehotel.vn\/en\/wp-json\/wp\/v2\/pages\/3476","targetHints":{"allow":["GET"]}}],"collection":[{"href":"https:\/\/monarquehotel.vn\/en\/wp-json\/wp\/v2\/pages"}],"about":[{"href":"https:\/\/monarquehotel.vn\/en\/wp-json\/wp\/v2\/types\/page"}],"author":[{"embeddable":true,"href":"https:\/\/monarquehotel.vn\/en\/wp-json\/wp\/v2\/users\/1"}],"replies":[{"embeddable":true,"href":"https:\/\/monarquehotel.vn\/en\/wp-json\/wp\/v2\/comments?post=3476"}],"version-history":[{"count":1,"href":"https:\/\/monarquehotel.vn\/en\/wp-json\/wp\/v2\/pages\/3476\/revisions"}],"predecessor-version":[{"id":3477,"href":"https:\/\/monarquehotel.vn\/en\/wp-json\/wp\/v2\/pages\/3476\/revisions\/3477"}],"wp:attachment":[{"href":"https:\/\/monarquehotel.vn\/en\/wp-json\/wp\/v2\/media?parent=3476"}],"curies":[{"name":"wp","href":"https:\/\/api.w.org\/{rel}","templated":true}]}}